{"id":11,"date":"2019-01-15T13:34:31","date_gmt":"2019-01-15T13:34:31","guid":{"rendered":"http:\/\/airbloq.com.br\/?page_id=11"},"modified":"2024-11-21T16:35:56","modified_gmt":"2024-11-21T16:35:56","slug":"contato","status":"publish","type":"page","link":"https:\/\/airbloq.com.br\/?page_id=11","title":{"rendered":"Contato"},"content":{"rendered":"\n<p>A Air-Bloq disponibiliza este importante espa\u00e7o para voc\u00ea entrar em contato conosco e conhecer mais sobre o bloqueador de ar.<\/p>\n\n\n\n<p><br><strong>Cel e Whatsapp:<\/strong>&nbsp;(011) 99905-6624&nbsp;<\/p>\n\n\n\n<p><strong>E-mail<\/strong>:<strong> <font color=\"red\">danilocarrilho10@gmail.com<\/font><\/strong><br><strong>E-mail:<\/strong>&nbsp;airbloq@airbloq.com.br <br><\/p>\n\n\n\n<p><br><\/p>\n\n\n\n<p>Rua Caucaia do Alto, 154 &#8211; Trememb\u00e9 &#8211; S\u00e3o Paulo &#8211; SP &#8211; CEP 02371-030<\/p>\n\n\n\n<p>Ou preencha o formul\u00e1rio abaixo:<\/p>\n\n\n\n<div class=\"wpcf7 no-js\" id=\"wpcf7-f69-o1\" lang=\"pt-BR\" dir=\"ltr\">\n<div class=\"screen-reader-response\"><p role=\"status\" aria-live=\"polite\" aria-atomic=\"true\"><\/p> <ul><\/ul><\/div>\n<form action=\"\/index.php?rest_route=%2Fwp%2Fv2%2Fpages%2F11#wpcf7-f69-o1\" method=\"post\" class=\"wpcf7-form init\" aria-label=\"Formul\u00e1rios de contato\" novalidate=\"novalidate\" data-status=\"init\">\n<div style=\"display: none;\">\n<input type=\"hidden\" name=\"_wpcf7\" value=\"69\" \/>\n<input type=\"hidden\" name=\"_wpcf7_version\" value=\"5.7.3\" \/>\n<input type=\"hidden\" name=\"_wpcf7_locale\" value=\"pt_BR\" \/>\n<input type=\"hidden\" name=\"_wpcf7_unit_tag\" value=\"wpcf7-f69-o1\" \/>\n<input type=\"hidden\" name=\"_wpcf7_container_post\" value=\"0\" \/>\n<input type=\"hidden\" name=\"_wpcf7_posted_data_hash\" value=\"\" \/>\n<\/div>\n<p><label> Nome:<br \/>\n<span class=\"wpcf7-form-control-wrap\" data-name=\"your-name\"><input size=\"40\" class=\"wpcf7-form-control wpcf7-text wpcf7-validates-as-required\" aria-required=\"true\" aria-invalid=\"false\" value=\"\" type=\"text\" name=\"your-name\" \/><\/span> <\/label>\n<\/p>\n<p><label> E-mail:<br \/>\n<span class=\"wpcf7-form-control-wrap\" data-name=\"your-email\"><input size=\"40\" class=\"wpcf7-form-control wpcf7-text wpcf7-email wpcf7-validates-as-required wpcf7-validates-as-email\" aria-required=\"true\" aria-invalid=\"false\" value=\"\" type=\"email\" name=\"your-email\" \/><\/span> <\/label>\n<\/p>\n<p><label> Telefone:<br \/>\n<span class=\"wpcf7-form-control-wrap\" data-name=\"your-tel\"><input size=\"40\" class=\"wpcf7-form-control wpcf7-text\" aria-invalid=\"false\" value=\"\" type=\"text\" name=\"your-tel\" \/><\/span> <\/label>\n<\/p>\n<p><label> Cidade:<br \/>\n<span class=\"wpcf7-form-control-wrap\" data-name=\"your-cidad\"><input size=\"40\" class=\"wpcf7-form-control wpcf7-text\" aria-invalid=\"false\" value=\"\" type=\"text\" name=\"your-cidad\" \/><\/span> <\/label>\n<\/p>\n<p><label> Mensagem:<br \/>\n<span class=\"wpcf7-form-control-wrap\" data-name=\"your-message\"><textarea cols=\"40\" rows=\"10\" class=\"wpcf7-form-control wpcf7-textarea\" aria-invalid=\"false\" name=\"your-message\"><\/textarea><\/span> <\/label>\n<\/p>\n<p><input class=\"wpcf7-form-control has-spinner wpcf7-submit\" type=\"submit\" value=\"Enviar\" \/>\n<\/p><div class=\"wpcf7-response-output\" aria-hidden=\"true\"><\/div>\n<\/form>\n<\/div>\n\n","protected":false},"excerpt":{"rendered":"<p>A Air-Bloq disponibiliza este importante espa\u00e7o para voc\u00ea entrar em contato conosco e conhecer mais sobre o bloqueador de ar. Cel e Whatsapp:&nbsp;(011) 99905-6624&nbsp; E-mail: danilocarrilho10@gmail.comE-mail:&nbsp;airbloq@airbloq.com.br Rua Caucaia do Alto, 154 &#8211; Trememb\u00e9 &#8211; S\u00e3o Paulo &#8211; SP &#8211; CEP 02371-030 Ou preencha o formul\u00e1rio abaixo:<\/p>\n","protected":false},"author":1,"featured_media":0,"parent":0,"menu_order":0,"comment_status":"closed","ping_status":"closed","template":"","meta":{"_joinchat":[]},"_links":{"self":[{"href":"https:\/\/airbloq.com.br\/index.php?rest_route=\/wp\/v2\/pages\/11"}],"collection":[{"href":"https:\/\/airbloq.com.br\/index.php?rest_route=\/wp\/v2\/pages"}],"about":[{"href":"https:\/\/airbloq.com.br\/index.php?rest_route=\/wp\/v2\/types\/page"}],"author":[{"embeddable":true,"href":"https:\/\/airbloq.com.br\/index.php?rest_route=\/wp\/v2\/users\/1"}],"replies":[{"embeddable":true,"href":"https:\/\/airbloq.com.br\/index.php?rest_route=%2Fwp%2Fv2%2Fcomments&post=11"}],"version-history":[{"count":12,"href":"https:\/\/airbloq.com.br\/index.php?rest_route=\/wp\/v2\/pages\/11\/revisions"}],"predecessor-version":[{"id":163,"href":"https:\/\/airbloq.com.br\/index.php?rest_route=\/wp\/v2\/pages\/11\/revisions\/163"}],"wp:attachment":[{"href":"https:\/\/airbloq.com.br\/index.php?rest_route=%2Fwp%2Fv2%2Fmedia&parent=11"}],"curies":[{"name":"wp","href":"https:\/\/api.w.org\/{rel}","templated":true}]}}