{"id":50,"date":"2019-01-17T13:26:06","date_gmt":"2019-01-17T13:26:06","guid":{"rendered":"http:\/\/airbloq.com.br\/?page_id=50"},"modified":"2026-02-03T15:09:09","modified_gmt":"2026-02-03T15:09:09","slug":"produtos","status":"publish","type":"page","link":"https:\/\/airbloq.com.br\/?page_id=50","title":{"rendered":"Produtos"},"content":{"rendered":"\n<p><strong>Sua fatura no valor exato do seu consumo.<\/strong><\/p>\n\n\n\n<p>O Air-Bloq n\u00e3o interfere no fornecimento de \u00e1gua, apenas bloqueia a passagem do ar, sendo desnecess\u00e1ria \u00e0 supervis\u00e3o da Companhia de Saneamento.<\/p>\n\n\n\n<p>Esta ferramenta garante que voc\u00ea s\u00f3 pagar\u00e1 o que realmente consumir, algumas faturas chegam a ser reduzidas em at\u00e9 35%. Nosso equipamento \u00e9 fabricado em lat\u00e3o 360 &#8211; o mesmo material do hidr\u00f4metro &#8211; suporta press\u00e3o de at\u00e9 5,0 Mpa.<\/p>\n\n\n\n<p>A manuten\u00e7\u00e3o em m\u00e9dia \u00e9 de 5 anos e f\u00e1cil instala\u00e7\u00e3o. Atendemos S\u00e3o Paulo capital e possu\u00edmos representantes em diversas \u00e1reas do Brasil.<\/p>\n\n\n<div class=\"wp-block-image\">\n<figure class=\"aligncenter is-resized\"><img decoding=\"async\" loading=\"lazy\" src=\"http:\/\/airbloq.com.br\/wp-content\/uploads\/2019\/05\/3.4-2.png\" alt=\"\" class=\"wp-image-125\" width=\"150\" height=\"258\" srcset=\"https:\/\/airbloq.com.br\/wp-content\/uploads\/2019\/05\/3.4-2.png 258w, https:\/\/airbloq.com.br\/wp-content\/uploads\/2019\/05\/3.4-2-175x300.png 175w\" sizes=\"(max-width: 150px) 100vw, 150px\" \/><\/figure><\/div>\n\n\n<p><br>Medida \u00be\u201d. Uso residencial e comercial. Ideal para instala\u00e7\u00f5es residenciais e comerciais de pequeno porte.  <\/p>\n\n\n\n<figure class=\"wp-block-image\"><img decoding=\"async\" loading=\"lazy\" width=\"956\" height=\"304\" src=\"http:\/\/airbloq.com.br\/wp-content\/uploads\/2019\/05\/3.4-a-3-1-1.png\" alt=\"\" class=\"wp-image-140\" srcset=\"https:\/\/airbloq.com.br\/wp-content\/uploads\/2019\/05\/3.4-a-3-1-1.png 956w, https:\/\/airbloq.com.br\/wp-content\/uploads\/2019\/05\/3.4-a-3-1-1-300x95.png 300w, https:\/\/airbloq.com.br\/wp-content\/uploads\/2019\/05\/3.4-a-3-1-1-768x244.png 768w\" sizes=\"(max-width: 956px) 100vw, 956px\" \/><\/figure>\n\n\n\n<br><hr><br>\n\n\n\n<figure class=\"wp-block-image size-large\"><img decoding=\"async\" loading=\"lazy\" width=\"1024\" height=\"495\" src=\"https:\/\/airbloq.com.br\/wp-content\/uploads\/2021\/02\/airbloq-1024x495.jpg\" alt=\"\" class=\"wp-image-147\" srcset=\"https:\/\/airbloq.com.br\/wp-content\/uploads\/2021\/02\/airbloq-1024x495.jpg 1024w, https:\/\/airbloq.com.br\/wp-content\/uploads\/2021\/02\/airbloq-300x145.jpg 300w, https:\/\/airbloq.com.br\/wp-content\/uploads\/2021\/02\/airbloq-768x371.jpg 768w, https:\/\/airbloq.com.br\/wp-content\/uploads\/2021\/02\/airbloq.jpg 1040w\" sizes=\"(max-width: 1024px) 100vw, 1024px\" \/><\/figure>\n\n\n\n<p>\n\nFabricamos Modelo &#8220;I&#8221; de 1\/2&#8243; at\u00e9 3&#8243; Ideal para grandes consumidores, como: condom\u00ednios, ind\u00fastrias, shoppings etc&#8230;\n\n<\/p>\n\n\n\n<p>*Veja o v\u00eddeo: <a href=\"https:\/\/www.youtube.com\/watch?v=sqtx7bKZlxU\">https:\/\/www.youtube.com\/watch?v=sqtx7bKZlxU<\/a><\/p>\n\n\n\n<div class=\"is-layout-flex wp-container-3 wp-block-columns\">\n<div class=\"is-layout-flow wp-block-column\" style=\"flex-basis:66.66%\">\n<div style=\"padding:55% 0 0 0;position:relative;\">\n  <iframe \n    src=\"https:\/\/player.vimeo.com\/video\/1161464462?title=1&#038;byline=0&#038;portrait=0&#038;badge=0&#038;autopause=0&#038;player_id=0&#038;app_id=58479\"\n    frameborder=\"0\"\n    allow=\"autoplay; fullscreen; picture-in-picture; clipboard-write; encrypted-media; web-share\"\n    referrerpolicy=\"strict-origin-when-cross-origin\"\n    style=\"position:absolute;top:0;left:0;width:100%;height:100%;\"\n    title=\"Airbloq\">\n  <\/iframe>\n<\/div>\n<script src=\"https:\/\/player.vimeo.com\/api\/player.js\"><\/script>\n\n<\/div>\n\n\n\n<div class=\"is-layout-flow wp-block-column\" style=\"flex-basis:33.33%\"><\/div>\n<\/div>\n","protected":false},"excerpt":{"rendered":"<p>Sua fatura no valor exato do seu consumo. O Air-Bloq n\u00e3o interfere no fornecimento de \u00e1gua, apenas bloqueia a passagem do ar, sendo desnecess\u00e1ria \u00e0 supervis\u00e3o da Companhia de Saneamento. Esta ferramenta garante que voc\u00ea s\u00f3 pagar\u00e1 o que realmente consumir, algumas faturas chegam a ser reduzidas em at\u00e9 35%. Nosso equipamento \u00e9 fabricado em [&hellip;]<\/p>\n","protected":false},"author":1,"featured_media":0,"parent":0,"menu_order":0,"comment_status":"closed","ping_status":"closed","template":"","meta":{"_joinchat":[]},"_links":{"self":[{"href":"https:\/\/airbloq.com.br\/index.php?rest_route=\/wp\/v2\/pages\/50"}],"collection":[{"href":"https:\/\/airbloq.com.br\/index.php?rest_route=\/wp\/v2\/pages"}],"about":[{"href":"https:\/\/airbloq.com.br\/index.php?rest_route=\/wp\/v2\/types\/page"}],"author":[{"embeddable":true,"href":"https:\/\/airbloq.com.br\/index.php?rest_route=\/wp\/v2\/users\/1"}],"replies":[{"embeddable":true,"href":"https:\/\/airbloq.com.br\/index.php?rest_route=%2Fwp%2Fv2%2Fcomments&post=50"}],"version-history":[{"count":49,"href":"https:\/\/airbloq.com.br\/index.php?rest_route=\/wp\/v2\/pages\/50\/revisions"}],"predecessor-version":[{"id":194,"href":"https:\/\/airbloq.com.br\/index.php?rest_route=\/wp\/v2\/pages\/50\/revisions\/194"}],"wp:attachment":[{"href":"https:\/\/airbloq.com.br\/index.php?rest_route=%2Fwp%2Fv2%2Fmedia&parent=50"}],"curies":[{"name":"wp","href":"https:\/\/api.w.org\/{rel}","templated":true}]}}