{"id":62,"date":"2019-01-17T13:28:42","date_gmt":"2019-01-17T13:28:42","guid":{"rendered":"http:\/\/airbloq.com.br\/?page_id=62"},"modified":"2019-01-17T13:28:42","modified_gmt":"2019-01-17T13:28:42","slug":"funcionamento","status":"publish","type":"page","link":"https:\/\/airbloq.com.br\/?page_id=62","title":{"rendered":"Funcionamento"},"content":{"rendered":"\n<p><strong>Voc\u00ea paga apenas o que consome de \u00e1gua?<\/strong><\/p>\n\n\n\n<p>Em 1999 foi criado o bloqueador de ar com a fun\u00e7\u00e3o de impedir que o hidr\u00f4metro registre a passagem de ar pelas tubula\u00e7\u00f5es, conhecidas como adutoras, acabando com o erro na leitura do consumo de \u00e1gua.<\/p>\n\n\n\n<p>O ac\u00famulo de ar ocorre por alguns fatores como: rompimento da rede de distribui\u00e7\u00e3o, falta de \u00e1gua, rod\u00edzio, manuten\u00e7\u00e3o, falhas no bombeamento, entre outros.<\/p>\n\n\n\n<p>Ao restabelecer o fornecimento, a \u00e1gua ocupa o espa\u00e7o nas tubula\u00e7\u00f5es e empurra o ar existente, obrigando-o a sair em pontos abertos na rede. Infelizmente os lugares para a vaz\u00e3o desse ar s\u00e3o as tubula\u00e7\u00f5es de \u00e1gua dos consumidores. Institutos oficiais comprovaram por meio de laudos t\u00e9cnicos, que a passagem de ar \u00e9 marcada pelo hidr\u00f4metro como consumo de \u00e1gua.<\/p>\n\n\n\n<p>Conseq\u00fcentemente, os consumidores pagam duas vezes mais por algo que n\u00e3o existe.<\/p>\n\n\n\n<p>A experi\u00eancia adquirida durante anos com a fabrica\u00e7\u00e3o de pe\u00e7as de metais usinadas e o conhecimento hidr\u00e1ulico levou ao desenvolvimento de um novo projeto, originando o equipamento que bloqueia o ar existente na rede adutora de abastecimento.<\/p>\n\n\n\n<p><strong>Nesse projeto, conseguimos unir grandes vantagens como:<\/strong><\/p>\n\n\n\n<ul><li>&#8211; O pagamento justo da fatura de \u00e1gua;<\/li><li>&#8211; Pe\u00e7a totalmente blindada, impossibilitando poss\u00edveis contamina\u00e7\u00f5es na rede de abastecimento;<\/li><li>&#8211; Equipamento instalado ap\u00f3s o hidr\u00f4metro, evitando assim qualquer tipo de rejei\u00e7\u00e3o ou problema junto \u00e0s empresas concession\u00e1rias;<\/li><li>&#8211; N\u00e3o interfere no volume consumido;<\/li><li>&#8211; Mant\u00e9m o hidr\u00f4metro bloqueado, quando n\u00e3o houver abastecimento de \u00e1gua na rede adutora.<\/li><\/ul>\n\n\n\n<p>Seu funcionamento ocorre devido \u00e0 press\u00e3o do equipamento e da rede de abastecimento ser diferente.<\/p>\n\n\n\n<p>Com isto, o Air-Bloq apenas libera a passagem de \u00e1gua, quando esta atinge uma press\u00e3o m\u00ednima garantindo que a marca\u00e7\u00e3o registrada no hidr\u00f4metro seja realmente da \u00e1gua consumida.<\/p>\n","protected":false},"excerpt":{"rendered":"<p>Voc\u00ea paga apenas o que consome de \u00e1gua? Em 1999 foi criado o bloqueador de ar com a fun\u00e7\u00e3o de impedir que o hidr\u00f4metro registre a passagem de ar pelas tubula\u00e7\u00f5es, conhecidas como adutoras, acabando com o erro na leitura do consumo de \u00e1gua. O ac\u00famulo de ar ocorre por alguns fatores como: rompimento da [&hellip;]<\/p>\n","protected":false},"author":1,"featured_media":0,"parent":0,"menu_order":0,"comment_status":"closed","ping_status":"closed","template":"","meta":{"_joinchat":[]},"_links":{"self":[{"href":"https:\/\/airbloq.com.br\/index.php?rest_route=\/wp\/v2\/pages\/62"}],"collection":[{"href":"https:\/\/airbloq.com.br\/index.php?rest_route=\/wp\/v2\/pages"}],"about":[{"href":"https:\/\/airbloq.com.br\/index.php?rest_route=\/wp\/v2\/types\/page"}],"author":[{"embeddable":true,"href":"https:\/\/airbloq.com.br\/index.php?rest_route=\/wp\/v2\/users\/1"}],"replies":[{"embeddable":true,"href":"https:\/\/airbloq.com.br\/index.php?rest_route=%2Fwp%2Fv2%2Fcomments&post=62"}],"version-history":[{"count":1,"href":"https:\/\/airbloq.com.br\/index.php?rest_route=\/wp\/v2\/pages\/62\/revisions"}],"predecessor-version":[{"id":63,"href":"https:\/\/airbloq.com.br\/index.php?rest_route=\/wp\/v2\/pages\/62\/revisions\/63"}],"wp:attachment":[{"href":"https:\/\/airbloq.com.br\/index.php?rest_route=%2Fwp%2Fv2%2Fmedia&parent=62"}],"curies":[{"name":"wp","href":"https:\/\/api.w.org\/{rel}","templated":true}]}}